{"id":25,"date":"2023-11-03T07:28:15","date_gmt":"2023-11-03T07:28:15","guid":{"rendered":"https:\/\/uglyfruitsnot.eduproject.eu\/?page_id=25"},"modified":"2023-11-03T08:09:16","modified_gmt":"2023-11-03T08:09:16","slug":"conveyor","status":"publish","type":"page","link":"https:\/\/uglyfruitsnot.eduproject.eu\/index.php\/conveyor\/","title":{"rendered":"Conveyor"},"content":{"rendered":"\n<p>Our website address is:<br><a href=\"https:\/\/uglyfruitsnot.eduproject.eu\">https:\/\/uglyfruitsnot.eduproject.eu<\/a><br><\/p>\n\n\n\n<p><strong>E-Mail:<\/strong>&nbsp;marc.beutner (at) uni-paderborn.de<\/p>\n\n\n\n<p>Responsible for the content according to MStV<br>Universit\u00e4t Paderborn \u2013 Prof. Dr. M. Beutner<br>Universit\u00e4t Paderborn<br>Warburger Str. 100<br>33098 Paderborn<\/p>\n\n\n\n<p>Telefon: +49 5251 60-0<br><br>The University of Paderborn is a legal entity under public law supported by the state of North Rhine-Westphalia. It is chaired by the President Prof. Dr. Birgitt Riegraf represented.<\/p>\n\n\n\n<p>(Die Universit\u00e4t Paderborn ist eine vom Land NRW getragene, rechtsf\u00e4hige K\u00f6rperschaft des \u00d6ffentlichen Rechts.&nbsp;Sie wird durch die Pr\u00e4sidentin Prof. Dr. Birgitt Riegraf vertreten.)<\/p>\n\n\n\n<p>Responsible supervisory authority \/ Zust\u00e4ndige Aufsichtsbeh\u00f6rde:<br>Ministerium f\u00fcr Kultur und Wissenschaft (MKW) des Landes Nordrhein-Westfalen, V\u00f6lklinger Str. 49, 40221 D\u00fcsseldorf, Deutschland<\/p>\n\n\n\n<p>VAT-ID \/ Umsatzsteuer-Identifikationsnummer gem\u00e4\u00df \u00a7 27 a Umsatzsteuergesetz: DE 811209907<\/p>\n\n\n\n<p><strong>Disclaimer:<\/strong><br>Despite careful content control, we assume no liability for the content of external links. The operators of the linked pages are solely responsible for their content.<\/p>\n\n\n\n<p>The Ugy Fruits NOT! project is co-financed by the<br>ERASMUS+ programme of the European Commission.<\/p>\n\n\n\n<p>EU \u2013 Erasmus+ Programme<br>Key action: VOCATIONAL EDUCATION AND TRAINING<\/p>\n\n\n\n<p><strong>E-Mail:<\/strong> marc.beutner (at) uni-paderborn.de<\/p>\n\n\n\n<p><strong>Dear users,<br>Dear friends,<\/strong><br><br>Your data and their security are very important to us.<br>We secure your data and keep it inaccessible to strangers and unauthorized persons.From 25 May 2018, the EU General Data Protection Regulation (DSGVO) will apply. This regulation has harmonized the rules governing the processing of personal data across the EU.<br>The aim is to protect your data within the EU. It is important to ensure the protection of data as a whole and to ensure the free movement of data within the EU with a high degree of transparency.<br><br><strong>Processed data \/ categories of processed data<\/strong><br>For the data used on this website no personal data or similar information are collected. We only provide data for you for your information. No user data will be processed.According to \u00a715 DSGVO you are always entitled to ask Ingenious Knowledge GmbH for a comprehensive information on the personal data stored about you.In addition, in accordance with \u00a717 DSGVO, you can at any time request correction, deletion and blocking of individual personal data to Ingenious Knowledge GmbH.<\/p>\n\n\n\n<p><strong>Purpose of processing \/ website<\/strong><br>We disseminate information about the Green4Future project to make the project and its results visible in the field of European education. No user data is saved.<\/p>\n\n\n\n<p><strong>Legal basis for processing<\/strong><br>(as a rule, a consent pursuant to Art. 6 (1) (a) EU GDPR),<br>EU Data Protection Regulation)By registering the data, you have given us consent to the processing of the data.<br>The collection of the form data is based on the consent of the data subjects in accordance with Art. 6 para. 1 lit. a. EU DSGVO.<br><br><strong>Duration of processing<\/strong><br>Your access requires data transfer to your device (usually through a browser). Appropriate accesses are kept open for the duration of your use with us and then closed again. Data will be completely deleted.<\/p>\n\n\n\n<p><strong>Possible Recipient of the collected data \/<br>Transfers of data to third countries<\/strong><br>The data is provided by us.<br>No data will be passed on to third parties \u2013 neither in German nor to anyone in third countries.<br>An alignment with other databases or a transfer to third parties does not take place.<br>According to our disclaimer in the imprint \/ conveyor \/ legal notice we are not responsible for content belonging to external links.<br>Despite careful content control, we assume no liability for the content of external links. The content of the linked pages are the sole responsibility of their operators.<\/p>\n\n\n\n<p><strong>Comments<\/strong><\/p>\n\n\n\n<p>When visitors leave comments on the site we collect the data shown in the comments form, and also the visitor\u2019s IP address and browser user agent string to help spam detection.<\/p>\n\n\n\n<p>An anonymized string created from your email address (also called a hash) may be provided to the Gravatar service to see if you are using it. The Gravatar service privacy policy is available here: https:\/\/automattic.com\/privacy\/. After approval of your comment, your profile picture is visible to the public in the context of your comment.<\/p>\n\n\n\n<p>Visitor comments may be checked through an automated spam detection service.<\/p>\n\n\n\n<p><strong>Media<\/strong><\/p>\n\n\n\n<p>If you upload images to the website, you should avoid uploading images with embedded location data (EXIF GPS) included. Visitors to the website can download and extract any location data from images on the website.<\/p>\n\n\n\n<p><strong>Cookies<\/strong><\/p>\n\n\n\n<p>If you leave a comment on our site you may opt-in to saving your name, email address and website in cookies. These are for your convenience so that you do not have to fill in your details again when you leave another comment. These cookies will last for one year.<\/p>\n\n\n\n<p>If you visit our login page, we will set a temporary cookie to determine if your browser accepts cookies. This cookie contains no personal data and is discarded when you close your browser.<\/p>\n\n\n\n<p>When you log in, we will also set up several cookies to save your login information and your screen display choices. Login cookies last for two days, and screen options cookies last for a year. If you select \u201cRemember Me\u201d, your login will persist for two weeks. If you log out of your account, the login cookies will be removed.<\/p>\n\n\n\n<p>If you edit or publish an article, an additional cookie will be saved in your browser. This cookie includes no personal data and simply indicates the post ID of the article you just edited. It expires after 1 day.<\/p>\n\n\n\n<p><strong>Embedded content from other websites<\/strong><\/p>\n\n\n\n<p>Articles on this site may include embedded content (e.g. videos, images, articles, etc.). Embedded content from other websites behaves in the exact same way as if the visitor has visited the other website.<\/p>\n\n\n\n<p>These websites may collect data about you, use cookies, embed additional third-party tracking, and monitor your interaction with that embedded content, including tracking your interaction with the embedded content if you have an account and are logged in to that website.<\/p>\n\n\n\n<p><strong>How long we retain your data<\/strong><\/p>\n\n\n\n<p>If you leave a comment, the comment and its metadata are retained indefinitely. This is so we can recognize and approve any follow-up comments automatically instead of holding them in a moderation queue.<\/p>\n\n\n\n<p>For users that register on our website (if any), we also store the personal information they provide in their user profile. All users can see, edit, or delete their personal information at any time (except they cannot change their username). Website administrators can also see and edit that information.<\/p>\n\n\n\n<p><strong>What rights you have over your data<\/strong><\/p>\n\n\n\n<p>If you have an account on this site, or have left comments, you can request to receive an exported file of the personal data we hold about you, including any data you have provided to us. You can also request that we erase any personal data we hold about you. This does not include any data we are obliged to keep for administrative, legal, or security purposes.<\/p>\n\n\n\n<p><strong>Responsible for processing<\/strong><\/p>\n\n\n\n<p>Responsible for the website are Marc Beutner and Rasmus Pechuel.<\/p>\n\n\n\n<p><strong>Contact<\/strong><\/p>\n\n\n\n<p>Marc Beutner, Wesseling \u2013 marc.beutner(at)uni-paderborn.de<br>Rasmus Pechuel, Cologne \u2013 ceo (at) ingeniousknowledge.com<\/p>\n\n\n\n<p><strong>Your rights as an affected person<\/strong><br>As an affected person, you can claim the rights granted to you by the EU GDPR at any time.<br>These rights are described in the general privacy policy for the website.We thank you for your trust and wish you every success in using our project results and enjoy the information on this website.If you have any questions about your deposited data or if you wish the deletion of your data, please send us an email with the note of your concern:projects@ingeniousknowledge.com<\/p>\n\n\n\n<p>With best regards<\/p>\n\n\n\n<p>Marc Beutner and Rasmus Pechuel<\/p>\n\n\n\n<p><a href=\"https:\/\/wordpress.org\/\"><\/a><\/p>\n","protected":false},"excerpt":{"rendered":"<p>Our website address is:https:\/\/uglyfruitsnot.eduproject.eu E-Mail:&nbsp;marc.beutner (at) uni-paderborn.de Responsible for the content according to MStVUniversit\u00e4t Paderborn \u2013 Prof. Dr. M. BeutnerUniversit\u00e4t PaderbornWarburger Str. 10033098 Paderborn Telefon: +49 5251 60-0 The University of Paderborn is a legal entity under public law supported &hellip; <a href=\"https:\/\/uglyfruitsnot.eduproject.eu\/index.php\/conveyor\/\">Weiterlesen <span class=\"meta-nav\">&rarr;<\/span><\/a><\/p>\n","protected":false},"author":1,"featured_media":0,"parent":0,"menu_order":0,"comment_status":"closed","ping_status":"closed","template":"","meta":{"footnotes":""},"class_list":["post-25","page","type-page","status-publish","hentry"],"_links":{"self":[{"href":"https:\/\/uglyfruitsnot.eduproject.eu\/index.php\/wp-json\/wp\/v2\/pages\/25","targetHints":{"allow":["GET"]}}],"collection":[{"href":"https:\/\/uglyfruitsnot.eduproject.eu\/index.php\/wp-json\/wp\/v2\/pages"}],"about":[{"href":"https:\/\/uglyfruitsnot.eduproject.eu\/index.php\/wp-json\/wp\/v2\/types\/page"}],"author":[{"embeddable":true,"href":"https:\/\/uglyfruitsnot.eduproject.eu\/index.php\/wp-json\/wp\/v2\/users\/1"}],"replies":[{"embeddable":true,"href":"https:\/\/uglyfruitsnot.eduproject.eu\/index.php\/wp-json\/wp\/v2\/comments?post=25"}],"version-history":[{"count":5,"href":"https:\/\/uglyfruitsnot.eduproject.eu\/index.php\/wp-json\/wp\/v2\/pages\/25\/revisions"}],"predecessor-version":[{"id":76,"href":"https:\/\/uglyfruitsnot.eduproject.eu\/index.php\/wp-json\/wp\/v2\/pages\/25\/revisions\/76"}],"wp:attachment":[{"href":"https:\/\/uglyfruitsnot.eduproject.eu\/index.php\/wp-json\/wp\/v2\/media?parent=25"}],"curies":[{"name":"wp","href":"https:\/\/api.w.org\/{rel}","templated":true}]}}